{"id":846,"date":"2024-05-27T18:31:27","date_gmt":"2024-05-27T16:31:27","guid":{"rendered":"https:\/\/elcafedepipa.com\/?page_id=846"},"modified":"2024-05-27T18:31:27","modified_gmt":"2024-05-27T16:31:27","slug":"avis-legal","status":"publish","type":"page","link":"https:\/\/elcafedepipa.com\/index.php\/avis-legal\/","title":{"rendered":"Av\u00eds legal"},"content":{"rendered":"\n<p>5 de febrer de 2019&nbsp;<\/p>\n\n\n\n<p><strong>elcafedepipa.com<\/strong>\u00a0\u00a0pertany a Comunicaci\u00f3n Plana Baixa, S.L.U. Amb CIF: B44508133. Domicili Paseo Blasco Iba\u00f1ez, n\u00ba7-Planta 3, 12500 Vinar\u00f2s (Castell\u00f3).\u00a0<\/p>\n\n\n\n<p>La informaci\u00f3 continguda en aquestes p\u00e0gines web \u00e9s la vigent en la data de la seva \u00faltima actualitzaci\u00f3 i es considera informaci\u00f3 introduct\u00f2ria per a l&#8217;usuari relativa als productes, serveis i altres informacions incloses. &#8220;Comunicaci\u00f3n Plana Baixa S.L.U.&#8221; rebutja la responsabilitat que es derivi de la utilitzaci\u00f3 incorrecta dels continguts i el seu dret a actualitzar-los quan vulgui, eliminar-los, limitar-los o impedir l&#8217;acc\u00e9s de manera temporal o definitiva. &#8220;Comunicaci\u00f3n Plana Baixa S.L.U.&#8221; rebutja la responsabilitat sobre qualsevol informaci\u00f3 no continguda en aquestes p\u00e0gines web i, per tant, no elaborada per &#8220;Comunicaci\u00f3n Plana Baixa S.L.U.&#8221; o no publicada sota el seu nom. De manera especial, rebutja la responsabilitat sobre la informaci\u00f3 continguda a p\u00e0gines web de terceres persones connectades mitjan\u00e7ant enlla\u00e7os amb les p\u00e0gines web de &#8220;Comunicaci\u00f3n Plana Baixa S.L.U.&#8221;. &#8220;Comunicaci\u00f3n Plana Baixa S.L.U.&#8221; no es fa responsable dels possibles errors de seguretat que es puguin produir pel fet d&#8217;utilitzar ordinadors infectats amb virus inform\u00e0tics. Tampoc es fa responsable de les conseq\u00fc\u00e8ncies derivades del mal funcionament del navegador o per la utilitzaci\u00f3 de versions no actualitzades d&#8217;aquest.<br><br>D&#8217;acord amb el qu\u00e8 estableix la Llei Org\u00e0nica 15\/1999, l&#8217;usuari queda informat de la incorporaci\u00f3 de les seves dades a fitxers automatitzats existents a &#8220;Comunicaci\u00f3n Plana Baixa S.L.U.&#8221; i del seu tractament. Les dades obtingudes seran les derivades de la navegaci\u00f3 i de les consultes o suggeriments de l&#8217;usuari. Est t\u00e9 dret a oposar-se al tractament de qualsevol de les seves dades i a la seva utilitzaci\u00f3 amb qualsevol finalitat diferent a la manifestada en aquest av\u00eds, podent exercir els drets d&#8217;acc\u00e9s, rectificaci\u00f3, cancel\u00b7laci\u00f3 i oposici\u00f3 d&#8217;acord amb l&#8217;establert a la legislaci\u00f3 vigent. Si \u00e9s aix\u00ed, haur\u00e0 de contactar amb &#8220;Comunicaci\u00f3n Plana Baixa S.L.U.&#8221; a trav\u00e9s dels serveis oferts a la pantalla &#8220;contactar&#8221;.<\/p>\n","protected":false},"excerpt":{"rendered":"<p>5 de febrer de 2019&nbsp; elcafedepipa.com\u00a0\u00a0pertany a Comunicaci\u00f3n Plana Baixa, S.L.U. Amb CIF: B44508133. Domicili Paseo Blasco Iba\u00f1ez, n\u00ba7-Planta 3, 12500 Vinar\u00f2s (Castell\u00f3).\u00a0 La informaci\u00f3 continguda en aquestes p\u00e0gines web \u00e9s la vigent en la data de la seva \u00faltima actualitzaci\u00f3 i es considera informaci\u00f3 introduct\u00f2ria per a l&#8217;usuari relativa als productes, serveis i altres &#8230; <a title=\"Av\u00eds legal\" class=\"read-more\" href=\"https:\/\/elcafedepipa.com\/index.php\/avis-legal\/\" aria-label=\"M\u00e9s informaci\u00f3 sobre Av\u00eds legal\">Read more<\/a><\/p>\n","protected":false},"author":2,"featured_media":0,"parent":0,"menu_order":0,"comment_status":"closed","ping_status":"closed","template":"","meta":{"om_disable_all_campaigns":false,"_monsterinsights_skip_tracking":false,"_monsterinsights_sitenote_active":false,"_monsterinsights_sitenote_note":"","_monsterinsights_sitenote_category":0,"_uf_show_specific_survey":0,"_uf_disable_surveys":false,"footnotes":""},"class_list":["post-846","page","type-page","status-publish"],"_links":{"self":[{"href":"https:\/\/elcafedepipa.com\/index.php\/wp-json\/wp\/v2\/pages\/846","targetHints":{"allow":["GET"]}}],"collection":[{"href":"https:\/\/elcafedepipa.com\/index.php\/wp-json\/wp\/v2\/pages"}],"about":[{"href":"https:\/\/elcafedepipa.com\/index.php\/wp-json\/wp\/v2\/types\/page"}],"author":[{"embeddable":true,"href":"https:\/\/elcafedepipa.com\/index.php\/wp-json\/wp\/v2\/users\/2"}],"replies":[{"embeddable":true,"href":"https:\/\/elcafedepipa.com\/index.php\/wp-json\/wp\/v2\/comments?post=846"}],"version-history":[{"count":0,"href":"https:\/\/elcafedepipa.com\/index.php\/wp-json\/wp\/v2\/pages\/846\/revisions"}],"wp:attachment":[{"href":"https:\/\/elcafedepipa.com\/index.php\/wp-json\/wp\/v2\/media?parent=846"}],"curies":[{"name":"wp","href":"https:\/\/api.w.org\/{rel}","templated":true}]}}