{"id":812,"date":"2024-05-27T14:09:27","date_gmt":"2024-05-27T12:09:27","guid":{"rendered":"https:\/\/elcafedepipa.com\/?page_id=812"},"modified":"2024-05-27T18:23:39","modified_gmt":"2024-05-27T16:23:39","slug":"politica-de-privacidad","status":"publish","type":"page","link":"https:\/\/elcafedepipa.com\/index.php\/politica-de-privacidad\/","title":{"rendered":"Pol\u00edtica de Privacidad"},"content":{"rendered":"\n<p>Le informamos que <strong>COMUNICACI\u00d3 PLANA BAIXA S.L.U.<\/strong> est\u00e1 trabajando en la continua mejora de la protecci\u00f3n de los datos personales, y como resultado de la misma procedemos a proporcionarle la informaci\u00f3n b\u00e1sica que debe conocer acerca del tratamiento de sus datos personales:<\/p>\n\n\n\n<p>* Responsable del tratamiento: <strong>COMUNICACI\u00d3 PLANA BAIXA S.L.U<\/strong>.<br>* Datos de contacto de <strong>COMUNICACI\u00d3 PLANA BAIXA S.L.U.<\/strong>: Pla\u00e7a de Silvestre Segarra Arag\u00f3, 5, 2\u00ba.\u00a0 12600 La Vall d\u2019Uix\u00f3.\u00a0 email: <strong>info@sermaestrat.com<\/strong><br>* Base para el tratamiento: Consentimiento del titular de los datos.<br>* Tratamiento que requiere su consentimiento: remisi\u00f3n de informaci\u00f3n sobre las actividades de <strong>COMUNICACI\u00d3 PLANA BAIXA S.L.U.<\/strong>, as\u00ed como de comunicaciones comerciales vinculadas a sus productos y servicios.<br>* Destinatarios: No se ceder\u00e1n los datos a terceros ajenos a <strong>COMUNICACI\u00d3 PLANA BAIXA S.L.U.<\/strong><\/p>\n\n\n\n<p>Sus datos se conservar\u00e1n hasta que usted nos solicite que desea dejar de recibir informaciones de <strong>COMUNICACI\u00d3 PLANA BAIXA S.L.U.<\/strong><\/p>\n\n\n\n<p>Usted, puede ejercer sus derechos de transparencia, informaci\u00f3n, acceso, rectificaci\u00f3n, supresi\u00f3n o derecho al olvido, portabilidad, limitaci\u00f3n y oposici\u00f3n al tratamiento de la informaci\u00f3n que le concierne y autoriza a formar parte de los tratamientos de datos personales llevados a cabo por <strong>COMUNICACI\u00d3 PLANA BAIXA S.L.U.<\/strong> Los derechos precitados podr\u00e1n hacerse efectivos ante <strong>COMUNICACI\u00d3 PLANA BAIXA S.L.U<\/strong>., en la direcci\u00f3n postal y en las direcciones de correo electr\u00f3nico antes se\u00f1aladas, si bien, en el encabezamiento se deber\u00e1 a\u00f1adir el t\u00edtulo \u201cprotecci\u00f3n de datos\u201d, si bien, la comunicaci\u00f3n deber\u00e1 acompa\u00f1arse de una fotocopia del DNI, por tratarse de un derecho personal\u00edsimo.<\/p>\n\n\n\n<p><strong>Informaci\u00f3n Legal<\/strong><br>De acuerdo con lo dispuesto en el articulo 10 de la Ley 34\/2002, de Servicios de la Sociedad de la Informaci\u00f3n y de Comercio Electr\u00f3nico, se informa a todos nuestros clientes, usuarios y visitantes sobre la informaci\u00f3n legal relativa a la empresa propietaria del sitio web ubicado en la direcci\u00f3n de Internet: <strong>COMUNICACI\u00d3 PLANA BAIXA S.L.U.<\/strong><\/p>\n\n\n\n<p><strong>Direcci\u00f3n fiscal<\/strong>:<\/p>\n\n\n\n<p><strong>COMUNICACI\u00d3 PLANA BAIXA S.L.U. <\/strong><\/p>\n\n\n\n<p>CIF:\u00a0<strong>B12999777<\/strong><br>Domicilio:\u00a0<strong>Pla\u00e7a de Silvestre Segarra Arag\u00f3, 5, 2\u00ba, 12600 La Vall d\u2019Uix\u00f3<\/strong><\/p>\n","protected":false},"excerpt":{"rendered":"<p>Le informamos que COMUNICACI\u00d3 PLANA BAIXA S.L.U. est\u00e1 trabajando en la continua mejora de la protecci\u00f3n de los datos personales, y como resultado de la misma procedemos a proporcionarle la informaci\u00f3n b\u00e1sica que debe conocer acerca del tratamiento de sus datos personales: * Responsable del tratamiento: COMUNICACI\u00d3 PLANA BAIXA S.L.U.* Datos de contacto de COMUNICACI\u00d3 &#8230; <a title=\"Pol\u00edtica de Privacidad\" class=\"read-more\" href=\"https:\/\/elcafedepipa.com\/index.php\/politica-de-privacidad\/\" aria-label=\"M\u00e9s informaci\u00f3 sobre Pol\u00edtica de Privacidad\">Read more<\/a><\/p>\n","protected":false},"author":2,"featured_media":0,"parent":0,"menu_order":0,"comment_status":"closed","ping_status":"closed","template":"","meta":{"om_disable_all_campaigns":false,"_monsterinsights_skip_tracking":false,"_monsterinsights_sitenote_active":false,"_monsterinsights_sitenote_note":"","_monsterinsights_sitenote_category":0,"_uf_show_specific_survey":0,"_uf_disable_surveys":false,"footnotes":""},"class_list":["post-812","page","type-page","status-publish"],"_links":{"self":[{"href":"https:\/\/elcafedepipa.com\/index.php\/wp-json\/wp\/v2\/pages\/812","targetHints":{"allow":["GET"]}}],"collection":[{"href":"https:\/\/elcafedepipa.com\/index.php\/wp-json\/wp\/v2\/pages"}],"about":[{"href":"https:\/\/elcafedepipa.com\/index.php\/wp-json\/wp\/v2\/types\/page"}],"author":[{"embeddable":true,"href":"https:\/\/elcafedepipa.com\/index.php\/wp-json\/wp\/v2\/users\/2"}],"replies":[{"embeddable":true,"href":"https:\/\/elcafedepipa.com\/index.php\/wp-json\/wp\/v2\/comments?post=812"}],"version-history":[{"count":0,"href":"https:\/\/elcafedepipa.com\/index.php\/wp-json\/wp\/v2\/pages\/812\/revisions"}],"wp:attachment":[{"href":"https:\/\/elcafedepipa.com\/index.php\/wp-json\/wp\/v2\/media?parent=812"}],"curies":[{"name":"wp","href":"https:\/\/api.w.org\/{rel}","templated":true}]}}