{"id":145,"date":"2024-05-23T09:19:53","date_gmt":"2024-05-23T07:19:53","guid":{"rendered":"https:\/\/elcafedepipa.com\/?page_id=145"},"modified":"2025-10-15T09:42:26","modified_gmt":"2025-10-15T07:42:26","slug":"opinio","status":"publish","type":"page","link":"https:\/\/elcafedepipa.com\/index.php\/opinio\/","title":{"rendered":"Opini\u00f3"},"content":{"rendered":"\t\t<div data-elementor-type=\"wp-page\" data-elementor-id=\"145\" class=\"elementor elementor-145\" data-elementor-settings=\"{&quot;ha_cmc_init_switcher&quot;:&quot;no&quot;}\" data-elementor-post-type=\"page\">\n\t\t\t\t<div class=\"elementor-element elementor-element-bf3e1d5 e-flex e-con-boxed wpr-particle-no wpr-jarallax-no wpr-parallax-no wpr-sticky-section-no wpr-column-slider-no wpr-equal-height-no e-con e-parent\" data-id=\"bf3e1d5\" data-element_type=\"container\" data-e-type=\"container\" data-settings=\"{&quot;_ha_eqh_enable&quot;:false}\">\n\t\t\t\t\t<div class=\"e-con-inner\">\n\t\t\t\t<div class=\"elementor-element elementor-element-cbc465a elementor-widget elementor-widget-html\" data-id=\"cbc465a\" data-element_type=\"widget\" data-e-type=\"widget\" data-widget_type=\"html.default\">\n\t\t\t\t<div class=\"elementor-widget-container\">\n\t\t\t\t\t<!doctype html>\r\n<html lang=\"ca\">\r\n<head>\r\n  <meta charset=\"utf-8\">\r\n  <meta name=\"viewport\" content=\"width=device-width,initial-scale=1\">\r\n  <title>Opini\u00f3 \u2014 En desenvolupament<\/title>\r\n\r\n  <!-- \r\n    Desenvolupat per: Jonas [Radio la Vall]\r\n    Data: 15\/10\/2025\r\n    Aquest codi HTML pertany al creador original indicat.\r\n  -->\r\n\r\n  <style>\r\n    body {\r\n      margin: 0;\r\n      background: #eaeaea;\r\n      font-family: Arial, Helvetica, sans-serif;\r\n    }\r\n    .container {\r\n      max-width: 1000px;\r\n      margin: 40px auto;\r\n      padding: 20px;\r\n      background: #f4f4f4;\r\n      border-radius: 16px;\r\n      text-align: center;\r\n      box-shadow: 0 4px 12px rgba(0,0,0,0.1);\r\n    }\r\n    h1 {\r\n      color: #003366;\r\n      font-size: 2.5rem;\r\n      margin-bottom: 10px;\r\n    }\r\n    p {\r\n      color: #333;\r\n      font-size: 1rem;\r\n      margin-bottom: 20px;\r\n    }\r\n    .footer {\r\n      margin-top: 20px;\r\n      font-size: 0.9rem;\r\n      color: #666;\r\n    }\r\n    a {\r\n      color: #003366;\r\n      text-decoration: underline;\r\n    }\r\n    \/* Desenvolupat per [Jonas] - \u00a9 2025 *\/\r\n  <\/style>\r\n<\/head>\r\n<body>\r\n\r\n  <div class=\"container\">\r\n    <!-- Secci\u00f3 principal -->\r\n    <h1>\ud83d\udde3\ufe0f Secci\u00f3 Opini\u00f3<\/h1>\r\n    <p>El servei est\u00e0 en desenvolupament.<\/p>\r\n    \r\n    <!-- Missatge final \/ contacte -->\r\n    <div class=\"footer\">\r\n      <p>\ud83d\udcf0 Compartint veus i punts de vista locals amb <strong>R\u00e0dio La Vall d\u2019Uix\u00f3<\/strong><\/p>\r\n    <\/div>\r\n  <\/div>\r\n\r\n<\/body>\r\n<\/html>\r\n\t\t\t\t<\/div>\n\t\t\t\t<\/div>\n\t\t\t\t\t<\/div>\n\t\t\t\t<\/div>\n\t\t\t\t<\/div>\n\t\t","protected":false},"excerpt":{"rendered":"<p>Opini\u00f3 \u2014 En desenvolupament \ud83d\udde3\ufe0f Secci\u00f3 Opini\u00f3 El servei est\u00e0 en desenvolupament. \ud83d\udcf0 Compartint veus i punts de vista locals amb R\u00e0dio La Vall d\u2019Uix\u00f3<\/p>\n","protected":false},"author":2,"featured_media":0,"parent":0,"menu_order":0,"comment_status":"closed","ping_status":"closed","template":"","meta":{"om_disable_all_campaigns":false,"_monsterinsights_skip_tracking":false,"_monsterinsights_sitenote_active":false,"_monsterinsights_sitenote_note":"","_monsterinsights_sitenote_category":0,"_uf_show_specific_survey":0,"_uf_disable_surveys":false,"footnotes":""},"class_list":["post-145","page","type-page","status-publish"],"_links":{"self":[{"href":"https:\/\/elcafedepipa.com\/index.php\/wp-json\/wp\/v2\/pages\/145","targetHints":{"allow":["GET"]}}],"collection":[{"href":"https:\/\/elcafedepipa.com\/index.php\/wp-json\/wp\/v2\/pages"}],"about":[{"href":"https:\/\/elcafedepipa.com\/index.php\/wp-json\/wp\/v2\/types\/page"}],"author":[{"embeddable":true,"href":"https:\/\/elcafedepipa.com\/index.php\/wp-json\/wp\/v2\/users\/2"}],"replies":[{"embeddable":true,"href":"https:\/\/elcafedepipa.com\/index.php\/wp-json\/wp\/v2\/comments?post=145"}],"version-history":[{"count":18,"href":"https:\/\/elcafedepipa.com\/index.php\/wp-json\/wp\/v2\/pages\/145\/revisions"}],"predecessor-version":[{"id":17890,"href":"https:\/\/elcafedepipa.com\/index.php\/wp-json\/wp\/v2\/pages\/145\/revisions\/17890"}],"wp:attachment":[{"href":"https:\/\/elcafedepipa.com\/index.php\/wp-json\/wp\/v2\/media?parent=145"}],"curies":[{"name":"wp","href":"https:\/\/api.w.org\/{rel}","templated":true}]}}